{"id":2613,"date":"2025-11-05T21:47:31","date_gmt":"2025-11-05T20:47:31","guid":{"rendered":"https:\/\/oposwim.es\/?post_type=product&#038;p=2613"},"modified":"2026-03-20T14:35:04","modified_gmt":"2026-03-20T13:35:04","slug":"plan-mejora-tu-tecnica","status":"publish","type":"product","link":"https:\/\/oposwim.es\/index.php\/producto\/plan-mejora-tu-tecnica\/","title":{"rendered":"DOMINA EL CROL"},"content":{"rendered":"<h3 data-start=\"955\" data-end=\"992\">\u00bfQu\u00e9 vas a conseguir exactamente con esta gu\u00eda?<\/h3>\n<p data-start=\"996\" data-end=\"1042\">\u2714\ufe0f Mantener una posici\u00f3n correcta en el agua sin hundirte<br data-start=\"1199\" data-end=\"1202\" \/>\u2714\ufe0f Respirar sin agobiarte ni cortar el ritmo<br data-start=\"1246\" data-end=\"1249\" \/>\u2714\ufe0f Hacer una brazada que realmente te impulse<br data-start=\"1294\" data-end=\"1297\" \/>\u2714\ufe0f Nadar m\u00e1s metros con menos esfuerzo<br data-start=\"1335\" data-end=\"1338\" \/>\u2714\ufe0f Sentirte m\u00e1s c\u00f3modo y seguro en el agua<br data-start=\"1380\" data-end=\"1383\" \/>\u2714\ufe0f Tener control y coordinaci\u00f3n en cada movimiento<\/p>\n<p data-start=\"1293\" data-end=\"1357\">Todo con ejercicios progresivos y <strong data-start=\"1327\" data-end=\"1356\">sin improvisar la t\u00e9cnica<\/strong>.<br \/>\n<span style=\"font-size: 1.5em; font-weight: bold;\"><br \/>\n<\/span><strong><span style=\"font-size: 1.5em;\">\u00bfPor qu\u00e9 esta gu\u00eda s\u00ed te har\u00e1 mejorar?<\/span><\/strong><span style=\"font-size: 1.5em; font-weight: bold;\"><br \/>\n<\/span><strong style=\"font-size: 16px;\" data-start=\"1395\" data-end=\"1414\">\u2714\ufe0f <\/strong>No son ejercicios sueltos y sin criterio \u2192 sigues un sistema paso a paso<br data-start=\"1777\" data-end=\"1780\" \/>\u2714\ufe0f Sabes exactamente como debes hacer el ejercicio<br data-start=\"1832\" data-end=\"1835\" \/>\u2714\ufe0f Todos los ejercicios est\u00e1n explicados en v\u00eddeo<br data-start=\"1884\" data-end=\"1887\" \/>\u2714\ufe0f Puedes aplicarlo desde el primer d\u00eda (aunque tengas bajo nivel)<br data-start=\"1953\" data-end=\"1956\" \/>\u2714\ufe0f Dise\u00f1ado para nadadores reales, no teor\u00eda<\/p>\n<h3 data-start=\"1683\" data-end=\"1712\">\u00bfC\u00f3mo se usa esta Gu\u00eda?<\/h3>\n<p data-start=\"2223\" data-end=\"2242\"><strong>Despu\u00e9s de comprar<\/strong>:\ud83d\udc49<\/p>\n<ol data-start=\"2244\" data-end=\"2467\">\n<li data-section-id=\"orv0vf\" data-start=\"2244\" data-end=\"2306\">\n<p data-start=\"2247\" data-end=\"2306\">Accedes inmediatamente desde tu m\u00f3vil, tablet u ordenador<\/p>\n<\/li>\n<li data-section-id=\"1h3ojow\" data-start=\"2307\" data-end=\"2357\">\n<p data-start=\"2310\" data-end=\"2357\">Sigues los ejercicios en el orden recomendado<\/p>\n<\/li>\n<li data-section-id=\"5rq53j\" data-start=\"2358\" data-end=\"2409\">\n<p data-start=\"2361\" data-end=\"2409\">Los aplicas directamente en tus entrenamientos<\/p>\n<\/li>\n<li data-section-id=\"1l2laf0\" data-start=\"2410\" data-end=\"2467\">\n<p data-start=\"2413\" data-end=\"2467\">Empiezas a notar mejoras desde las primeras sesiones<\/p>\n<\/li>\n<\/ol>\n<h3 data-start=\"1683\" data-end=\"1712\">Esta Gu\u00eda es para t\u00ed si quieres:<\/h3>\n<p data-start=\"1716\" data-end=\"1757\">\ud83d\udc49 Dejar de nadar sin saber si lo est\u00e1s haciendo bien<br data-start=\"2768\" data-end=\"2771\" \/>\ud83d\udc49 Corregir errores que llevas a\u00f1os repitiendo<br data-start=\"2817\" data-end=\"2820\" \/>\ud83d\udc49 Nadar m\u00e1s c\u00f3modo, sin sensaci\u00f3n de ahogo<br data-start=\"2863\" data-end=\"2866\" \/>\ud83d\udc49 Tener un plan claro para mejorar tu t\u00e9cnica<br data-start=\"2912\" data-end=\"2915\" \/>\ud83d\udc49 Notar progreso real en pocas semanas<\/p>\n<h6 data-start=\"3081\" data-end=\"3160\"><strong data-start=\"3084\" data-end=\"3160\"><br \/>\n<span class=\"x1rg5ohu x16dsc37 x1c3i2sq x19la9d6 x1fc57z9 xexx8yu x1ccui7m x18d9i69 x18pi947 x6ikm8r x10wlt62 x19co3pv x11tp94h xw4jnvo x1qx5ct2 xfibh0p xiy17q3 x1xsqp64\"><span class=\"\">\ud83e\udde0 <\/span><\/span>Todo organizado paso a paso para que no tengas que improvisar nunca m\u00e1s.<\/strong><\/h6>\n","protected":false},"excerpt":{"rendered":"<p data-start=\"503\" data-end=\"601\"><strong data-start=\"503\" data-end=\"521\">Domina el Crol<\/strong> es ES PARA T\u00cd SI:<br \/>\n<span style=\"font-size: 16px;\"><br \/>\n\u2714\ufe0f Te cansas r\u00e1pido nadando<br data-start=\"842\" data-end=\"845\" \/>\u2714\ufe0f Sientes que no avanzas aunque entrenes<br data-start=\"886\" data-end=\"889\" \/>\u2714\ufe0f Te cuesta respirar con fluidez<br data-start=\"922\" data-end=\"925\" \/>\u2714\ufe0f No sabes qu\u00e9 ejercicios hacer para mejorar<br data-start=\"970\" data-end=\"973\" \/>\u2714\ufe0f Quieres nadar con menos esfuerzo y m\u00e1s eficiencia<br \/>\n<\/span><\/p>\n","protected":false},"featured_media":2875,"template":"","meta":{"_monsterinsights_skip_tracking":false,"_monsterinsights_sitenote_active":false,"_monsterinsights_sitenote_note":"","_monsterinsights_sitenote_category":0,"site-sidebar-layout":"default","site-content-layout":"","ast-site-content-layout":"default","site-content-style":"default","site-sidebar-style":"default","ast-global-header-display":"","ast-banner-title-visibility":"","ast-main-header-display":"","ast-hfb-above-header-display":"","ast-hfb-below-header-display":"","ast-hfb-mobile-header-display":"","site-post-title":"","ast-breadcrumbs-content":"","ast-featured-img":"","footer-sml-layout":"","theme-transparent-header-meta":"default","adv-header-id-meta":"","stick-header-meta":"","header-above-stick-meta":"","header-main-stick-meta":"","header-below-stick-meta":"","astra-migrate-meta-layouts":"set","ast-page-background-enabled":"default","ast-page-background-meta":{"desktop":{"background-color":"var(--ast-global-color-4)","background-image":"","background-repeat":"repeat","background-position":"center center","background-size":"auto","background-attachment":"scroll","background-type":"","background-media":"","overlay-type":"","overlay-color":"","overlay-opacity":"","overlay-gradient":""},"tablet":{"background-color":"","background-image":"","background-repeat":"repeat","background-position":"center center","background-size":"auto","background-attachment":"scroll","background-type":"","background-media":"","overlay-type":"","overlay-color":"","overlay-opacity":"","overlay-gradient":""},"mobile":{"background-color":"","background-image":"","background-repeat":"repeat","background-position":"center center","background-size":"auto","background-attachment":"scroll","background-type":"","background-media":"","overlay-type":"","overlay-color":"","overlay-opacity":"","overlay-gradient":""}},"ast-content-background-meta":{"desktop":{"background-color":"var(--ast-global-color-5)","background-image":"","background-repeat":"repeat","background-position":"center center","background-size":"auto","background-attachment":"scroll","background-type":"","background-media":"","overlay-type":"","overlay-color":"","overlay-opacity":"","overlay-gradient":""},"tablet":{"background-color":"var(--ast-global-color-5)","background-image":"","background-repeat":"repeat","background-position":"center center","background-size":"auto","background-attachment":"scroll","background-type":"","background-media":"","overlay-type":"","overlay-color":"","overlay-opacity":"","overlay-gradient":""},"mobile":{"background-color":"var(--ast-global-color-5)","background-image":"","background-repeat":"repeat","background-position":"center center","background-size":"auto","background-attachment":"scroll","background-type":"","background-media":"","overlay-type":"","overlay-color":"","overlay-opacity":"","overlay-gradient":""}}},"product_brand":[],"product_cat":[38],"product_tag":[],"class_list":{"0":"post-2613","1":"product","2":"type-product","3":"status-publish","4":"has-post-thumbnail","6":"product_cat-plan-online","7":"desktop-align-left","8":"tablet-align-left","9":"mobile-align-left","11":"first","12":"instock","13":"downloadable","14":"virtual","15":"purchasable","16":"product-type-simple"},"_links":{"self":[{"href":"https:\/\/oposwim.es\/index.php\/wp-json\/wp\/v2\/product\/2613"}],"collection":[{"href":"https:\/\/oposwim.es\/index.php\/wp-json\/wp\/v2\/product"}],"about":[{"href":"https:\/\/oposwim.es\/index.php\/wp-json\/wp\/v2\/types\/product"}],"wp:featuredmedia":[{"embeddable":true,"href":"https:\/\/oposwim.es\/index.php\/wp-json\/wp\/v2\/media\/2875"}],"wp:attachment":[{"href":"https:\/\/oposwim.es\/index.php\/wp-json\/wp\/v2\/media?parent=2613"}],"wp:term":[{"taxonomy":"product_brand","embeddable":true,"href":"https:\/\/oposwim.es\/index.php\/wp-json\/wp\/v2\/product_brand?post=2613"},{"taxonomy":"product_cat","embeddable":true,"href":"https:\/\/oposwim.es\/index.php\/wp-json\/wp\/v2\/product_cat?post=2613"},{"taxonomy":"product_tag","embeddable":true,"href":"https:\/\/oposwim.es\/index.php\/wp-json\/wp\/v2\/product_tag?post=2613"}],"curies":[{"name":"wp","href":"https:\/\/api.w.org\/{rel}","templated":true}]}}