{"id":2325,"date":"2025-04-07T11:15:56","date_gmt":"2025-04-07T09:15:56","guid":{"rendered":"https:\/\/oposwim.es\/?post_type=product&#038;p=2325"},"modified":"2025-12-07T21:24:36","modified_gmt":"2025-12-07T20:24:36","slug":"gafas-opoflex-2-0-mirror-blancas","status":"publish","type":"product","link":"https:\/\/oposwim.es\/index.php\/producto\/gafas-opoflex-2-0-mirror-blancas\/","title":{"rendered":"Gafas OpoFlex 2.0 Mirror Blancas"},"content":{"rendered":"<ul>\n<li><strong>Lentes Espejadas de Alta Definici\u00f3n:<\/strong> Las lentes espejadas minimizan el deslumbramiento y ofrecen una visibilidad clara, ideal para piscinas exteriores e interiores con alta luminosidad.<\/li>\n<li><span style=\"font-size: 16px;\"><strong>Dise\u00f1o Hidrodin\u00e1mico:<\/strong> La estructura hidrodin\u00e1mica permite deslizarse con menor resistencia, facilitando la velocidad y el rendimiento en cada brazada.<\/span><\/li>\n<li><span style=\"font-size: 16px;\"><strong>Campo de Visi\u00f3n Amplio:<\/strong> Las lentes curvas ampl\u00edan el campo visual, mejorando la percepci\u00f3n de los alrededores y ofreciendo una experiencia envolvente en el agua.<\/span><\/li>\n<li><span style=\"font-size: 16px;\"><strong>Ajuste Personalizado y Seguro:<\/strong> Gracias a su doble correa de silicona ajustable y al puente nasal intercambiable, las gafas OpoFlex 2.0 Mirror se adaptan a diferentes tipos de rostro y permanecen estables, incluso durante los entrenamientos intensos.<\/span><\/li>\n<\/ul>\n<p>Ideales para nadadores que buscan comodidad para entrenar y un dise\u00f1o con rendimiento en competiciones. \u00a1Lleva tu rendimiento y confort al siguiente nivel con las gafas que lo tienen todo!<\/p>\n","protected":false},"excerpt":{"rendered":"<p>Descubre las OpoFlex 2.0 Mirror, unas gafas de nataci\u00f3n dise\u00f1adas para quienes buscan una experiencia \u00f3ptima tanto en entrenamiento como en competici\u00f3n. Estas gafas combinan un dise\u00f1o ergon\u00f3mico con tecnolog\u00eda avanzada, proporcionando una visi\u00f3n n\u00edtida y un ajuste c\u00f3modo y seguro.<\/p>\n","protected":false},"featured_media":1866,"template":"","meta":{"_monsterinsights_skip_tracking":false,"_monsterinsights_sitenote_active":false,"_monsterinsights_sitenote_note":"","_monsterinsights_sitenote_category":0,"site-sidebar-layout":"default","site-content-layout":"","ast-site-content-layout":"default","site-content-style":"default","site-sidebar-style":"default","ast-global-header-display":"","ast-banner-title-visibility":"","ast-main-header-display":"","ast-hfb-above-header-display":"","ast-hfb-below-header-display":"","ast-hfb-mobile-header-display":"","site-post-title":"","ast-breadcrumbs-content":"","ast-featured-img":"","footer-sml-layout":"","theme-transparent-header-meta":"default","adv-header-id-meta":"","stick-header-meta":"","header-above-stick-meta":"","header-main-stick-meta":"","header-below-stick-meta":"","astra-migrate-meta-layouts":"set","ast-page-background-enabled":"default","ast-page-background-meta":{"desktop":{"background-color":"var(--ast-global-color-4)","background-image":"","background-repeat":"repeat","background-position":"center center","background-size":"auto","background-attachment":"scroll","background-type":"","background-media":"","overlay-type":"","overlay-color":"","overlay-opacity":"","overlay-gradient":""},"tablet":{"background-color":"","background-image":"","background-repeat":"repeat","background-position":"center center","background-size":"auto","background-attachment":"scroll","background-type":"","background-media":"","overlay-type":"","overlay-color":"","overlay-opacity":"","overlay-gradient":""},"mobile":{"background-color":"","background-image":"","background-repeat":"repeat","background-position":"center center","background-size":"auto","background-attachment":"scroll","background-type":"","background-media":"","overlay-type":"","overlay-color":"","overlay-opacity":"","overlay-gradient":""}},"ast-content-background-meta":{"desktop":{"background-color":"var(--ast-global-color-5)","background-image":"","background-repeat":"repeat","background-position":"center center","background-size":"auto","background-attachment":"scroll","background-type":"","background-media":"","overlay-type":"","overlay-color":"","overlay-opacity":"","overlay-gradient":""},"tablet":{"background-color":"var(--ast-global-color-5)","background-image":"","background-repeat":"repeat","background-position":"center center","background-size":"auto","background-attachment":"scroll","background-type":"","background-media":"","overlay-type":"","overlay-color":"","overlay-opacity":"","overlay-gradient":""},"mobile":{"background-color":"var(--ast-global-color-5)","background-image":"","background-repeat":"repeat","background-position":"center center","background-size":"auto","background-attachment":"scroll","background-type":"","background-media":"","overlay-type":"","overlay-color":"","overlay-opacity":"","overlay-gradient":""}}},"product_brand":[],"product_cat":[29],"product_tag":[],"class_list":{"0":"post-2325","1":"product","2":"type-product","3":"status-publish","4":"has-post-thumbnail","6":"product_cat-gafas","7":"desktop-align-left","8":"tablet-align-left","9":"mobile-align-left","11":"first","12":"instock","13":"taxable","14":"shipping-taxable","15":"purchasable","16":"product-type-simple"},"_links":{"self":[{"href":"https:\/\/oposwim.es\/index.php\/wp-json\/wp\/v2\/product\/2325"}],"collection":[{"href":"https:\/\/oposwim.es\/index.php\/wp-json\/wp\/v2\/product"}],"about":[{"href":"https:\/\/oposwim.es\/index.php\/wp-json\/wp\/v2\/types\/product"}],"wp:featuredmedia":[{"embeddable":true,"href":"https:\/\/oposwim.es\/index.php\/wp-json\/wp\/v2\/media\/1866"}],"wp:attachment":[{"href":"https:\/\/oposwim.es\/index.php\/wp-json\/wp\/v2\/media?parent=2325"}],"wp:term":[{"taxonomy":"product_brand","embeddable":true,"href":"https:\/\/oposwim.es\/index.php\/wp-json\/wp\/v2\/product_brand?post=2325"},{"taxonomy":"product_cat","embeddable":true,"href":"https:\/\/oposwim.es\/index.php\/wp-json\/wp\/v2\/product_cat?post=2325"},{"taxonomy":"product_tag","embeddable":true,"href":"https:\/\/oposwim.es\/index.php\/wp-json\/wp\/v2\/product_tag?post=2325"}],"curies":[{"name":"wp","href":"https:\/\/api.w.org\/{rel}","templated":true}]}}