{"id":365,"date":"2024-07-25T17:00:09","date_gmt":"2024-07-25T15:00:09","guid":{"rendered":"https:\/\/oposwim.es\/?page_id=365"},"modified":"2024-09-20T11:12:49","modified_gmt":"2024-09-20T09:12:49","slug":"terminos-y-condiciones","status":"publish","type":"page","link":"https:\/\/oposwim.es\/index.php\/terminos-y-condiciones\/","title":{"rendered":"T\u00e9rminos y condiciones"},"content":{"rendered":"\t\t<div data-elementor-type=\"wp-page\" data-elementor-id=\"365\" class=\"elementor elementor-365\" data-elementor-post-type=\"page\">\n\t\t\t\t\t\t<section class=\"elementor-section elementor-top-section elementor-element elementor-element-91d3435 elementor-section-boxed elementor-section-height-default elementor-section-height-default\" data-id=\"91d3435\" data-element_type=\"section\" data-settings=\"{&quot;background_background&quot;:&quot;classic&quot;,&quot;shape_divider_bottom&quot;:&quot;wave-brush&quot;}\">\n\t\t\t\t\t\t\t<div class=\"elementor-background-overlay\"><\/div>\n\t\t\t\t\t\t<div class=\"elementor-shape elementor-shape-bottom\" aria-hidden=\"true\" data-negative=\"false\">\n\t\t\t<svg xmlns=\"http:\/\/www.w3.org\/2000\/svg\" viewBox=\"0 0 283.5 27.8\" preserveAspectRatio=\"none\">\n\t<path class=\"elementor-shape-fill\" d=\"M283.5,9.7c0,0-7.3,4.3-14,4.6c-6.8,0.3-12.6,0-20.9-1.5c-11.3-2-33.1-10.1-44.7-5.7\ts-12.1,4.6-18,7.4c-6.6,3.2-20,9.6-36.6,9.3C131.6,23.5,99.5,7.2,86.3,8c-1.4,0.1-6.6,0.8-10.5,2c-3.8,1.2-9.4,3.8-17,4.7\tc-3.2,0.4-8.3,1.1-14.2,0.9c-1.5-0.1-6.3-0.4-12-1.6c-5.7-1.2-11-3.1-15.8-3.7C6.5,9.2,0,10.8,0,10.8V0h283.5V9.7z M260.8,11.3\tc-0.7-1-2-0.4-4.3-0.4c-2.3,0-6.1-1.2-5.8-1.1c0.3,0.1,3.1,1.5,6,1.9C259.7,12.2,261.4,12.3,260.8,11.3z M242.4,8.6\tc0,0-2.4-0.2-5.6-0.9c-3.2-0.8-10.3-2.8-15.1-3.5c-8.2-1.1-15.8,0-15.1,0.1c0.8,0.1,9.6-0.6,17.6,1.1c3.3,0.7,9.3,2.2,12.4,2.7\tC239.9,8.7,242.4,8.6,242.4,8.6z M185.2,8.5c1.7-0.7-13.3,4.7-18.5,6.1c-2.1,0.6-6.2,1.6-10,2c-3.9,0.4-8.9,0.4-8.8,0.5\tc0,0.2,5.8,0.8,11.2,0c5.4-0.8,5.2-1.1,7.6-1.6C170.5,14.7,183.5,9.2,185.2,8.5z M199.1,6.9c0.2,0-0.8-0.4-4.8,1.1\tc-4,1.5-6.7,3.5-6.9,3.7c-0.2,0.1,3.5-1.8,6.6-3C197,7.5,199,6.9,199.1,6.9z M283,6c-0.1,0.1-1.9,1.1-4.8,2.5s-6.9,2.8-6.7,2.7\tc0.2,0,3.5-0.6,7.4-2.5C282.8,6.8,283.1,5.9,283,6z M31.3,11.6c0.1-0.2-1.9-0.2-4.5-1.2s-5.4-1.6-7.8-2C15,7.6,7.3,8.5,7.7,8.6\tC8,8.7,15.9,8.3,20.2,9.3c2.2,0.5,2.4,0.5,5.7,1.6S31.2,11.9,31.3,11.6z M73,9.2c0.4-0.1,3.5-1.6,8.4-2.6c4.9-1.1,8.9-0.5,8.9-0.8\tc0-0.3-1-0.9-6.2-0.3S72.6,9.3,73,9.2z M71.6,6.7C71.8,6.8,75,5.4,77.3,5c2.3-0.3,1.9-0.5,1.9-0.6c0-0.1-1.1-0.2-2.7,0.2\tC74.8,5.1,71.4,6.6,71.6,6.7z M93.6,4.4c0.1,0.2,3.5,0.8,5.6,1.8c2.1,1,1.8,0.6,1.9,0.5c0.1-0.1-0.8-0.8-2.4-1.3\tC97.1,4.8,93.5,4.2,93.6,4.4z M65.4,11.1c-0.1,0.3,0.3,0.5,1.9-0.2s2.6-1.3,2.2-1.2s-0.9,0.4-2.5,0.8C65.3,10.9,65.5,10.8,65.4,11.1\tz M34.5,12.4c-0.2,0,2.1,0.8,3.3,0.9c1.2,0.1,2,0.1,2-0.2c0-0.3-0.1-0.5-1.6-0.4C36.6,12.8,34.7,12.4,34.5,12.4z M152.2,21.1\tc-0.1,0.1-2.4-0.3-7.5-0.3c-5,0-13.6-2.4-17.2-3.5c-3.6-1.1,10,3.9,16.5,4.1C150.5,21.6,152.3,21,152.2,21.1z\"\/>\n\t<path class=\"elementor-shape-fill\" d=\"M269.6,18c-0.1-0.1-4.6,0.3-7.2,0c-7.3-0.7-17-3.2-16.6-2.9c0.4,0.3,13.7,3.1,17,3.3\tC267.7,18.8,269.7,18,269.6,18z\"\/>\n\t<path class=\"elementor-shape-fill\" d=\"M227.4,9.8c-0.2-0.1-4.5-1-9.5-1.2c-5-0.2-12.7,0.6-12.3,0.5c0.3-0.1,5.9-1.8,13.3-1.2\tS227.6,9.9,227.4,9.8z\"\/>\n\t<path class=\"elementor-shape-fill\" d=\"M204.5,13.4c-0.1-0.1,2-1,3.2-1.1c1.2-0.1,2,0,2,0.3c0,0.3-0.1,0.5-1.6,0.4\tC206.4,12.9,204.6,13.5,204.5,13.4z\"\/>\n\t<path class=\"elementor-shape-fill\" d=\"M201,10.6c0-0.1-4.4,1.2-6.3,2.2c-1.9,0.9-6.2,3.1-6.1,3.1c0.1,0.1,4.2-1.6,6.3-2.6\tS201,10.7,201,10.6z\"\/>\n\t<path class=\"elementor-shape-fill\" d=\"M154.5,26.7c-0.1-0.1-4.6,0.3-7.2,0c-7.3-0.7-17-3.2-16.6-2.9c0.4,0.3,13.7,3.1,17,3.3\tC152.6,27.5,154.6,26.8,154.5,26.7z\"\/>\n\t<path class=\"elementor-shape-fill\" d=\"M41.9,19.3c0,0,1.2-0.3,2.9-0.1c1.7,0.2,5.8,0.9,8.2,0.7c4.2-0.4,7.4-2.7,7-2.6\tc-0.4,0-4.3,2.2-8.6,1.9c-1.8-0.1-5.1-0.5-6.7-0.4S41.9,19.3,41.9,19.3z\"\/>\n\t<path class=\"elementor-shape-fill\" d=\"M75.5,12.6c0.2,0.1,2-0.8,4.3-1.1c2.3-0.2,2.1-0.3,2.1-0.5c0-0.1-1.8-0.4-3.4,0\tC76.9,11.5,75.3,12.5,75.5,12.6z\"\/>\n\t<path class=\"elementor-shape-fill\" d=\"M15.6,13.2c0-0.1,4.3,0,6.7,0.5c2.4,0.5,5,1.9,5,2c0,0.1-2.7-0.8-5.1-1.4\tC19.9,13.7,15.7,13.3,15.6,13.2z\"\/>\n<\/svg>\t\t<\/div>\n\t\t\t\t\t<div class=\"elementor-container elementor-column-gap-default\">\n\t\t\t\t\t<div class=\"elementor-column elementor-col-100 elementor-top-column elementor-element elementor-element-96d32ac\" data-id=\"96d32ac\" data-element_type=\"column\">\n\t\t\t<div class=\"elementor-widget-wrap elementor-element-populated\">\n\t\t\t\t\t\t<div class=\"elementor-element elementor-element-a198834 elementor-widget elementor-widget-heading\" data-id=\"a198834\" data-element_type=\"widget\" data-widget_type=\"heading.default\">\n\t\t\t\t<div class=\"elementor-widget-container\">\n\t\t\t\t\t<h1 class=\"elementor-heading-title elementor-size-default\">T\u00e9rminos y condiciones<\/h1>\t\t\t\t<\/div>\n\t\t\t\t<\/div>\n\t\t\t\t\t<\/div>\n\t\t<\/div>\n\t\t\t\t\t<\/div>\n\t\t<\/section>\n\t\t<div class=\"elementor-element elementor-element-5349e5f e-flex e-con-boxed e-con e-parent\" data-id=\"5349e5f\" data-element_type=\"container\">\n\t\t\t\t\t<div class=\"e-con-inner\">\n\t\t\t\t<div class=\"elementor-element elementor-element-b0112a3 elementor-widget elementor-widget-text-editor\" data-id=\"b0112a3\" data-element_type=\"widget\" data-widget_type=\"text-editor.default\">\n\t\t\t\t<div class=\"elementor-widget-container\">\n\t\t\t\t\t\t\t\t\t<p><strong>Condiciones generales de venta<\/strong><\/p><p><strong>Registro y compra<\/strong><\/p><p>Para poder registrarse como usuario de la Web oposwim.es usted debe de aceptar las condiciones generales de venta. El mero uso de los servicios de oposwim.es supone la aceptaci\u00f3n de las mismas.<\/p><p>Los pasos para registrarse como usuario y la realizaci\u00f3n de un pedido son los siguientes:<\/p><p><strong>1- Identif\u00edquese como cliente<\/strong><\/p><p>Puede registrarse como cliente en un primer momento desde \u201cLogin\u201d. Desde este momento podr\u00e1 recibir en su cuenta de correo electr\u00f3nico todas nuestras comunicaciones y adem\u00e1s, podr\u00e1 realizar compras a trav\u00e9s de la Web. En cada visita en la que desee realizar una compra podr\u00e1 identificarse como cliente al iniciar la sesi\u00f3n introduciendo su direcci\u00f3n de correo electr\u00f3nico y la contrase\u00f1a que usted mismo eligi\u00f3 al darse de alta.<\/p><p>Tambi\u00e9n puede realizar una compra como invitado sin necesidad de registrarse en nuestra web.<\/p><p>Vea la pol\u00edtica de privacidad de oposwim.es para conocer que tratamiento realizamos de sus datos personales.<\/p><p><strong>2- C\u00f3mo seleccionar el producto<\/strong><\/p><p>No tiene m\u00e1s que seleccionar el art\u00edculo, elegir el color y talla (si existieran estos atributos) y poner la cantidad que desee, despu\u00e9s pulse el bot\u00f3n \u201cA\u00f1adir a la cesta\u201d. El precio que se indica en cada producto est\u00e1 en Euros y no incluye los gastos de env\u00edo.<\/p><p>Durante el proceso de compra tiene la posibilidad de modificar el contenido de la cesta. Puede eliminar art\u00edculos, a\u00f1adir nuevos o modificar la cantidad solicitada.<\/p><p><strong>3- C\u00f3mo eliminar uno o varios art\u00edculos de la cesta<\/strong><\/p><p>En la parte derecha de cada l\u00ednea de los art\u00edculos encontrar\u00e1 la opci\u00f3n de \u201cEliminar\u201d, y bastar\u00e1 con que la clique en cada uno de los art\u00edculos que desee suprimir y se actualizar\u00e1 el importe de su compra.<\/p><p><strong>4- C\u00f3mo modificar la cantidad de un art\u00edculo<\/strong><\/p><p>En el apartado de las cantidades puede introducir la nueva cantidad, y autom\u00e1ticamente se actualizar\u00e1 el importe de su compra.<\/p><p><strong>5- C\u00f3mo a\u00f1adir un nuevo producto a la cesta<\/strong><\/p><p>Siempre que lo desee podr\u00e1 seleccionar un nuevo art\u00edculo e introducirlo en la cesta pulsando \u201cA\u00f1adir a la cesta\u201d.<\/p><p><strong>5- C\u00f3mo elegir una direcci\u00f3n\u00a0<\/strong><\/p><p>En la pantalla que visualizar\u00e1 tras confirmar los art\u00edculos que quiera adquirir, aparecer\u00e1 un formulario para introducir la direcci\u00f3n donde desea que le mandemos su pedido. Si desea que le enviemos su pedido a otra direcci\u00f3n diferente de la de facturaci\u00f3n, por ejemplo a la de su trabajo, un familiar etc\u2026 o simplemente desea hacer un regalo, marque la casilla \u201cquiero una direcci\u00f3n de env\u00edo diferente\u201d y rellene el nuevo formulario con la direcci\u00f3n deseada.<\/p><p>Por requisitos de entrega, no se admiten apartados de correos como direcci\u00f3n del destinatario.<\/p><p>Si no especifica una direcci\u00f3n de entrega diferente, tomaremos por defecto la informaci\u00f3n de facturaci\u00f3n que haya indicado en su cuenta de usuario.<\/p><p><strong>Legislaci\u00f3n<\/strong><\/p><p>Las presentes condiciones de venta se ejecutar\u00e1n e interpretar\u00e1n de conformidad con la legislaci\u00f3n espa\u00f1ola, legislaci\u00f3n a las que las partes se someten expresamente. Cualquier litigio que pudiera emanar de su validez, interpretaci\u00f3n o ejecuci\u00f3n se someter\u00e1 a los tribunales Espa\u00f1oles y, m\u00e1s concretamente, a los de la ciudad de Las Palmas de Gran Canaria.\u00a0<\/p><p><strong>Informaci\u00f3n de contacto<\/strong><\/p><p>El dominio de Internet oposwim.es es propiedad de Guillermo Ram\u00edrez identificada con el CIF 44742085R<\/p><p>Direcci\u00f3n Postal:<\/p><p>Carretera de Chile 31, 35019, Las Palmas de Gran Canaria, Espa\u00f1a<\/p><p>Tel\u00e9fono: +34 722416203<\/p><p>Email: info@oposwim.es<\/p>\t\t\t\t\t\t\t\t<\/div>\n\t\t\t\t<\/div>\n\t\t\t\t\t<\/div>\n\t\t\t\t<\/div>\n\t\t\t\t<\/div>\n\t\t","protected":false},"excerpt":{"rendered":"<p>T\u00e9rminos y condiciones Condiciones generales de venta Registro y compra Para poder registrarse como usuario de la Web oposwim.es usted [&hellip;]<\/p>\n","protected":false},"author":1,"featured_media":0,"parent":0,"menu_order":0,"comment_status":"closed","ping_status":"closed","template":"","meta":{"_monsterinsights_skip_tracking":false,"_monsterinsights_sitenote_active":false,"_monsterinsights_sitenote_note":"","_monsterinsights_sitenote_category":0,"site-sidebar-layout":"no-sidebar","site-content-layout":"","ast-site-content-layout":"full-width-container","site-content-style":"default","site-sidebar-style":"default","ast-global-header-display":"","ast-banner-title-visibility":"","ast-main-header-display":"","ast-hfb-above-header-display":"","ast-hfb-below-header-display":"","ast-hfb-mobile-header-display":"","site-post-title":"disabled","ast-breadcrumbs-content":"","ast-featured-img":"disabled","footer-sml-layout":"","theme-transparent-header-meta":"","adv-header-id-meta":"","stick-header-meta":"","header-above-stick-meta":"","header-main-stick-meta":"","header-below-stick-meta":"","astra-migrate-meta-layouts":"default","ast-page-background-enabled":"default","ast-page-background-meta":{"desktop":{"background-color":"var(--ast-global-color-4)","background-image":"","background-repeat":"repeat","background-position":"center center","background-size":"auto","background-attachment":"scroll","background-type":"","background-media":"","overlay-type":"","overlay-color":"","overlay-opacity":"","overlay-gradient":""},"tablet":{"background-color":"","background-image":"","background-repeat":"repeat","background-position":"center center","background-size":"auto","background-attachment":"scroll","background-type":"","background-media":"","overlay-type":"","overlay-color":"","overlay-opacity":"","overlay-gradient":""},"mobile":{"background-color":"","background-image":"","background-repeat":"repeat","background-position":"center center","background-size":"auto","background-attachment":"scroll","background-type":"","background-media":"","overlay-type":"","overlay-color":"","overlay-opacity":"","overlay-gradient":""}},"ast-content-background-meta":{"desktop":{"background-color":"var(--ast-global-color-5)","background-image":"","background-repeat":"repeat","background-position":"center center","background-size":"auto","background-attachment":"scroll","background-type":"","background-media":"","overlay-type":"","overlay-color":"","overlay-opacity":"","overlay-gradient":""},"tablet":{"background-color":"var(--ast-global-color-5)","background-image":"","background-repeat":"repeat","background-position":"center center","background-size":"auto","background-attachment":"scroll","background-type":"","background-media":"","overlay-type":"","overlay-color":"","overlay-opacity":"","overlay-gradient":""},"mobile":{"background-color":"var(--ast-global-color-5)","background-image":"","background-repeat":"repeat","background-position":"center center","background-size":"auto","background-attachment":"scroll","background-type":"","background-media":"","overlay-type":"","overlay-color":"","overlay-opacity":"","overlay-gradient":""}},"footnotes":""},"class_list":["post-365","page","type-page","status-publish","hentry"],"_links":{"self":[{"href":"https:\/\/oposwim.es\/index.php\/wp-json\/wp\/v2\/pages\/365"}],"collection":[{"href":"https:\/\/oposwim.es\/index.php\/wp-json\/wp\/v2\/pages"}],"about":[{"href":"https:\/\/oposwim.es\/index.php\/wp-json\/wp\/v2\/types\/page"}],"author":[{"embeddable":true,"href":"https:\/\/oposwim.es\/index.php\/wp-json\/wp\/v2\/users\/1"}],"replies":[{"embeddable":true,"href":"https:\/\/oposwim.es\/index.php\/wp-json\/wp\/v2\/comments?post=365"}],"version-history":[{"count":16,"href":"https:\/\/oposwim.es\/index.php\/wp-json\/wp\/v2\/pages\/365\/revisions"}],"predecessor-version":[{"id":1385,"href":"https:\/\/oposwim.es\/index.php\/wp-json\/wp\/v2\/pages\/365\/revisions\/1385"}],"wp:attachment":[{"href":"https:\/\/oposwim.es\/index.php\/wp-json\/wp\/v2\/media?parent=365"}],"curies":[{"name":"wp","href":"https:\/\/api.w.org\/{rel}","templated":true}]}}